{"id":7,"date":"2017-10-05T12:17:19","date_gmt":"2017-10-05T10:17:19","guid":{"rendered":"http:\/\/twc.de\/?page_id=7"},"modified":"2023-03-23T13:00:31","modified_gmt":"2023-03-23T12:00:31","slug":"startseite","status":"publish","type":"page","link":"https:\/\/twc.de\/","title":{"rendered":"Wir sind f\u00fcr Sie da mit neuen Ideen"},"content":{"rendered":"\t\t<div data-elementor-type=\"wp-post\" data-elementor-id=\"7\" class=\"elementor elementor-7\">\n\t\t\t\t\t\t<section class=\"elementor-section elementor-top-section elementor-element elementor-element-c167e7a elementor-section-boxed elementor-section-height-default elementor-section-height-default\" data-id=\"c167e7a\" data-element_type=\"section\" data-e-type=\"section\">\n\t\t\t\t\t\t<div class=\"elementor-container elementor-column-gap-default\">\n\t\t\t\t\t<div class=\"elementor-column elementor-col-100 elementor-top-column elementor-element elementor-element-67fcab1\" data-id=\"67fcab1\" data-element_type=\"column\" data-e-type=\"column\">\n\t\t\t<div class=\"elementor-widget-wrap elementor-element-populated\">\n\t\t\t\t\t\t<div class=\"elementor-element elementor-element-c154d13 elementor-widget elementor-widget-text-editor\" data-id=\"c154d13\" data-element_type=\"widget\" data-e-type=\"widget\" data-widget_type=\"text-editor.default\">\n\t\t\t\t<div class=\"elementor-widget-container\">\n\t\t\t\t\t\t\t\t\t<p><span style=\"font-size: 14.88px; font-family: var( --e-global-typography-text-font-family ), Sans-serif; font-weight: var( --e-global-typography-text-font-weight );\">\u00a0Die TWC Treuwert Computer GmbH ist ein mittelst\u00e4ndisches IT-Unternehmen im Herzen von Freiburg mit einer \u00fcber 40j\u00e4hrigen Firmengeschichte. Wir entwickeln Produkte welche mit den Kunden individuell erarbeitet werden. Unsere Client-Server-L\u00f6sungen bilden die gew\u00fcnschten Gesch\u00e4ftsprozesse ab und auf neue Anregungen gehen wir immer gerne ein.<\/span><span style=\"color: #000000; font-family: Arial, sans-serif; font-weight: var( --e-global-typography-text-font-weight ); font-size: 14.88px;\">\u00a0<\/span><\/p>\t\t\t\t\t\t\t\t<\/div>\n\t\t\t\t<\/div>\n\t\t\t\t\t<\/div>\n\t\t<\/div>\n\t\t\t\t\t<\/div>\n\t\t<\/section>\n\t\t\t\t<section class=\"elementor-section elementor-top-section elementor-element elementor-element-10c118e elementor-section-boxed elementor-section-height-default elementor-section-height-default\" data-id=\"10c118e\" data-element_type=\"section\" data-e-type=\"section\">\n\t\t\t\t\t\t<div class=\"elementor-container elementor-column-gap-default\">\n\t\t\t\t\t<div class=\"elementor-column elementor-col-100 elementor-top-column elementor-element elementor-element-aa6f161\" data-id=\"aa6f161\" data-element_type=\"column\" data-e-type=\"column\">\n\t\t\t<div class=\"elementor-widget-wrap elementor-element-populated\">\n\t\t\t\t\t\t<div class=\"elementor-element elementor-element-3a548ea elementor-widget elementor-widget-image\" data-id=\"3a548ea\" data-element_type=\"widget\" data-e-type=\"widget\" data-widget_type=\"image.default\">\n\t\t\t\t<div class=\"elementor-widget-container\">\n\t\t\t\t\t\t\t\t\t\t\t\t\t\t\t<img fetchpriority=\"high\" decoding=\"async\" width=\"569\" height=\"220\" src=\"https:\/\/twc.de\/wp-content\/uploads\/2023\/03\/logoidee.png\" class=\"attachment-large size-large wp-image-2113\" alt=\"\" srcset=\"https:\/\/twc.de\/wp-content\/uploads\/2023\/03\/logoidee.png 569w, https:\/\/twc.de\/wp-content\/uploads\/2023\/03\/logoidee-300x116.png 300w\" sizes=\"(max-width: 569px) 100vw, 569px\" \/>\t\t\t\t\t\t\t\t\t\t\t\t\t\t\t<\/div>\n\t\t\t\t<\/div>\n\t\t\t\t\t<\/div>\n\t\t<\/div>\n\t\t\t\t\t<\/div>\n\t\t<\/section>\n\t\t\t\t<section class=\"elementor-section elementor-top-section elementor-element elementor-element-d9ce725 elementor-section-boxed elementor-section-height-default elementor-section-height-default\" data-id=\"d9ce725\" data-element_type=\"section\" data-e-type=\"section\">\n\t\t\t\t\t\t<div class=\"elementor-container elementor-column-gap-default\">\n\t\t\t\t\t<div class=\"elementor-column elementor-col-100 elementor-top-column elementor-element elementor-element-d982d00\" data-id=\"d982d00\" data-element_type=\"column\" data-e-type=\"column\">\n\t\t\t<div class=\"elementor-widget-wrap elementor-element-populated\">\n\t\t\t\t\t\t<div class=\"elementor-element elementor-element-946d22a elementor-widget elementor-widget-text-editor\" data-id=\"946d22a\" data-element_type=\"widget\" data-e-type=\"widget\" data-widget_type=\"text-editor.default\">\n\t\t\t\t<div class=\"elementor-widget-container\">\n\t\t\t\t\t\t\t\t\t<h2 class=\"western\" style=\"text-align: center;\">Videokonferenzen einsetzen<\/h2><h2 class=\"western\" style=\"text-align: center;\">mit einem jitsi-Server aus dem Hause TWC<\/h2><p style=\"text-align: left;\" align=\"center\">Bringen Sie Ihre Mitarbeiter, Kunden und Kollegen selbst einfach zusammen \u2013 egal ob sie sich im Homeoffice, im B\u00fcro oder an anderen Standorten befinden. Ebenso k\u00f6nnen Besucher Ihr virtuelles B\u00fcro mit nur wenigen Klicks betreten. Nutzbar ist unser Videokonferenzserver f\u00fcr Sie mit allen g\u00e4ngigen Internetbrowsern.<\/p><p>Bei Videokonferenzen und Pr\u00e4sentationen ist die Bildschirmfreigabe jederzeit m\u00f6glich, ebenso k\u00f6nnen Teilnehmer zur Konferenz jederzeit eingeladen und hinzugef\u00fcgt werden.<\/p><p>Unser jitsiserver entspricht dem Datenschutz und der Sicherheit durch Ende-zu-Ende-Verschl\u00fcsselung. Der Server ist von \u00fcberall und ohne Installation einsetzbar.<\/p><p>Rufen Sie uns an, gerne machen wir mit Ihnen sofort eine Live-Pr\u00e4sentation &#8211; \u00fcberzeugen Sie sich und genie\u00dfen Sie die Vorz\u00fcge, Ihren Gespr\u00e4chspartner virtuell live zu erleben!<\/p><p>Ortsunabh\u00e4ngiges Arbeiten ist l\u00e4ngst nicht mehr nur \u201esch\u00f6n zu haben\u201c, sondern ausschlaggebend. JuDaS bietet Ihnen diese Funktionalit\u00e4t schon seit Jahren und erleichtert das Arbeiten der Anw\u00e4lte und der Kanzleimitarbeiter im Homeoffice.<\/p><p>\u00a0<\/p>\t\t\t\t\t\t\t\t<\/div>\n\t\t\t\t<\/div>\n\t\t\t\t\t<\/div>\n\t\t<\/div>\n\t\t\t\t\t<\/div>\n\t\t<\/section>\n\t\t\t\t<\/div>\n\t\t","protected":false},"excerpt":{"rendered":"<p>&nbsp;Die TWC Treuwert Computer GmbH ist ein mittelst\u00e4ndisches IT-Unternehmen im Herzen von Freiburg mit einer \u00fcber 40j\u00e4hrigen Firmengeschichte. Wir entwickeln Produkte welche mit den Kunden individuell erarbeitet werden. Unsere Client-Server-L\u00f6sungen bilden die gew\u00fcnschten Gesch\u00e4ftsprozesse ab und auf neue Anregungen gehen wir immer gerne ein.&nbsp; Videokonferenzen einsetzen mit einem jitsi-Server aus dem Hause TWC Bringen Sie<\/p>\n","protected":false},"author":1,"featured_media":0,"parent":0,"menu_order":0,"comment_status":"closed","ping_status":"closed","template":"","meta":{"footnotes":""},"class_list":["post-7","page","type-page","status-publish","hentry"],"_links":{"self":[{"href":"https:\/\/twc.de\/index.php?rest_route=\/wp\/v2\/pages\/7","targetHints":{"allow":["GET"]}}],"collection":[{"href":"https:\/\/twc.de\/index.php?rest_route=\/wp\/v2\/pages"}],"about":[{"href":"https:\/\/twc.de\/index.php?rest_route=\/wp\/v2\/types\/page"}],"author":[{"embeddable":true,"href":"https:\/\/twc.de\/index.php?rest_route=\/wp\/v2\/users\/1"}],"replies":[{"embeddable":true,"href":"https:\/\/twc.de\/index.php?rest_route=%2Fwp%2Fv2%2Fcomments&post=7"}],"version-history":[{"count":85,"href":"https:\/\/twc.de\/index.php?rest_route=\/wp\/v2\/pages\/7\/revisions"}],"predecessor-version":[{"id":2117,"href":"https:\/\/twc.de\/index.php?rest_route=\/wp\/v2\/pages\/7\/revisions\/2117"}],"wp:attachment":[{"href":"https:\/\/twc.de\/index.php?rest_route=%2Fwp%2Fv2%2Fmedia&parent=7"}],"curies":[{"name":"wp","href":"https:\/\/api.w.org\/{rel}","templated":true}]}}