{"id":2130,"date":"2024-03-20T13:33:47","date_gmt":"2024-03-20T12:33:47","guid":{"rendered":"https:\/\/twc.de\/?page_id=2130"},"modified":"2024-03-20T13:37:46","modified_gmt":"2024-03-20T12:37:46","slug":"produkte-copy","status":"publish","type":"page","link":"https:\/\/twc.de\/?page_id=2130","title":{"rendered":"Produkte"},"content":{"rendered":"\t\t<div data-elementor-type=\"wp-post\" data-elementor-id=\"2130\" class=\"elementor elementor-2130\">\n\t\t\t\t\t\t<section class=\"elementor-section elementor-top-section elementor-element elementor-element-a67c297 elementor-section-boxed elementor-section-height-default elementor-section-height-default\" data-id=\"a67c297\" data-element_type=\"section\" data-e-type=\"section\">\n\t\t\t\t\t\t<div class=\"elementor-container elementor-column-gap-default\">\n\t\t\t\t\t<div class=\"elementor-column elementor-col-33 elementor-top-column elementor-element elementor-element-b2bb5d1\" data-id=\"b2bb5d1\" data-element_type=\"column\" data-e-type=\"column\">\n\t\t\t<div class=\"elementor-widget-wrap elementor-element-populated\">\n\t\t\t\t\t\t\t<\/div>\n\t\t<\/div>\n\t\t\t\t<div class=\"elementor-column elementor-col-66 elementor-top-column elementor-element elementor-element-4743fa7\" data-id=\"4743fa7\" data-element_type=\"column\" data-e-type=\"column\">\n\t\t\t<div class=\"elementor-widget-wrap elementor-element-populated\">\n\t\t\t\t\t\t\t<\/div>\n\t\t<\/div>\n\t\t\t\t\t<\/div>\n\t\t<\/section>\n\t\t\t\t<section class=\"elementor-section elementor-top-section elementor-element elementor-element-d1a8c1d elementor-section-boxed elementor-section-height-default elementor-section-height-default\" data-id=\"d1a8c1d\" data-element_type=\"section\" data-e-type=\"section\">\n\t\t\t\t\t\t<div class=\"elementor-container elementor-column-gap-default\">\n\t\t\t\t\t<div class=\"elementor-column elementor-col-33 elementor-top-column elementor-element elementor-element-f7d78da\" data-id=\"f7d78da\" data-element_type=\"column\" data-e-type=\"column\">\n\t\t\t<div class=\"elementor-widget-wrap elementor-element-populated\">\n\t\t\t\t\t\t<div class=\"elementor-element elementor-element-4926b97 elementor-widget elementor-widget-image\" data-id=\"4926b97\" data-element_type=\"widget\" data-e-type=\"widget\" data-widget_type=\"image.default\">\n\t\t\t\t<div class=\"elementor-widget-container\">\n\t\t\t\t\t\t\t\t\t\t\t\t\t\t\t<img fetchpriority=\"high\" decoding=\"async\" width=\"363\" height=\"195\" src=\"https:\/\/twc.de\/wp-content\/uploads\/2020\/07\/titel.png\" class=\"attachment-large size-large wp-image-1826\" alt=\"\" \/>\t\t\t\t\t\t\t\t\t\t\t\t\t\t\t<\/div>\n\t\t\t\t<\/div>\n\t\t\t\t\t<\/div>\n\t\t<\/div>\n\t\t\t\t<div class=\"elementor-column elementor-col-66 elementor-top-column elementor-element elementor-element-4f417a2\" data-id=\"4f417a2\" data-element_type=\"column\" data-e-type=\"column\">\n\t\t\t<div class=\"elementor-widget-wrap elementor-element-populated\">\n\t\t\t\t\t\t<div class=\"elementor-element elementor-element-a543725 elementor-widget elementor-widget-text-editor\" data-id=\"a543725\" data-element_type=\"widget\" data-e-type=\"widget\" data-widget_type=\"text-editor.default\">\n\t\t\t\t<div class=\"elementor-widget-container\">\n\t\t\t\t\t\t\t\t\t<p><strong>DiBoSys<\/strong> Display Box System ist ein Pr\u00e4sentations- und Infotainmentsystem, das Sie selbst administrieren k\u00f6nnen und damit Ihren Monitor als Plattform f\u00fcr digitale Bilder, Veranstaltungshinweise und Informationen jeglicher Art in Wort und Bild auf einem Monitor nutzen k\u00f6nnen.<\/p>\t\t\t\t\t\t\t\t<\/div>\n\t\t\t\t<\/div>\n\t\t\t\t\t<\/div>\n\t\t<\/div>\n\t\t\t\t\t<\/div>\n\t\t<\/section>\n\t\t\t\t<\/div>\n\t\t","protected":false},"excerpt":{"rendered":"<p>DiBoSys Display Box System ist ein Pr\u00e4sentations- und Infotainmentsystem, das Sie selbst administrieren k\u00f6nnen und damit Ihren Monitor als Plattform f\u00fcr digitale Bilder, Veranstaltungshinweise und Informationen jeglicher Art in Wort und Bild auf einem Monitor nutzen k\u00f6nnen.<\/p>\n","protected":false},"author":1,"featured_media":0,"parent":0,"menu_order":0,"comment_status":"closed","ping_status":"closed","template":"","meta":{"footnotes":""},"class_list":["post-2130","page","type-page","status-publish","hentry"],"_links":{"self":[{"href":"https:\/\/twc.de\/index.php?rest_route=\/wp\/v2\/pages\/2130","targetHints":{"allow":["GET"]}}],"collection":[{"href":"https:\/\/twc.de\/index.php?rest_route=\/wp\/v2\/pages"}],"about":[{"href":"https:\/\/twc.de\/index.php?rest_route=\/wp\/v2\/types\/page"}],"author":[{"embeddable":true,"href":"https:\/\/twc.de\/index.php?rest_route=\/wp\/v2\/users\/1"}],"replies":[{"embeddable":true,"href":"https:\/\/twc.de\/index.php?rest_route=%2Fwp%2Fv2%2Fcomments&post=2130"}],"version-history":[{"count":4,"href":"https:\/\/twc.de\/index.php?rest_route=\/wp\/v2\/pages\/2130\/revisions"}],"predecessor-version":[{"id":2137,"href":"https:\/\/twc.de\/index.php?rest_route=\/wp\/v2\/pages\/2130\/revisions\/2137"}],"wp:attachment":[{"href":"https:\/\/twc.de\/index.php?rest_route=%2Fwp%2Fv2%2Fmedia&parent=2130"}],"curies":[{"name":"wp","href":"https:\/\/api.w.org\/{rel}","templated":true}]}}