{"id":1663,"date":"2019-01-10T14:00:11","date_gmt":"2019-01-10T13:00:11","guid":{"rendered":"https:\/\/twc.de\/?page_id=1663"},"modified":"2019-02-12T15:53:15","modified_gmt":"2019-02-12T14:53:15","slug":"beispiel-seite-3","status":"publish","type":"page","link":"https:\/\/twc.de\/?page_id=1663","title":{"rendered":"\u00dcber uns"},"content":{"rendered":"\t\t<div data-elementor-type=\"wp-post\" data-elementor-id=\"1663\" class=\"elementor elementor-1663 elementor-bc-flex-widget\">\n\t\t\t\t\t\t<section class=\"elementor-section elementor-top-section elementor-element elementor-element-q9ob7mn elementor-section-boxed elementor-section-height-default elementor-section-height-default\" data-id=\"q9ob7mn\" data-element_type=\"section\" data-e-type=\"section\">\n\t\t\t\t\t\t<div class=\"elementor-container elementor-column-gap-default\">\n\t\t\t\t\t<div class=\"elementor-column elementor-col-100 elementor-top-column elementor-element elementor-element-66me28x\" data-id=\"66me28x\" data-element_type=\"column\" data-e-type=\"column\">\n\t\t\t<div class=\"elementor-widget-wrap elementor-element-populated\">\n\t\t\t\t\t\t<div class=\"elementor-element elementor-element-syt4mb8 elementor-widget elementor-widget-text-editor\" data-id=\"syt4mb8\" data-element_type=\"widget\" data-e-type=\"widget\" data-widget_type=\"text-editor.default\">\n\t\t\t\t<div class=\"elementor-widget-container\">\n\t\t\t\t\t\t\t\t\t<p>\u00a0<\/p><table class=\"table ui\" border=\"0\" width=\"100%\" cellspacing=\"4\" cellpadding=\"4\"><tbody><tr><td bgcolor=\"#FFFFFF\"><ul class=\"timeline\"><li><p class=\"timeline-date\">2018<\/p><div class=\"timeline-content\"><h3>DiBoSys<\/h3><p>Das Display Box System wird als Infotainment System ausgebaut f\u00fcr die Anzeige von Bild und Textmaterial auf Monitoren in \u00f6ffentlichen Geb\u00e4uden.<\/p><\/div><\/li><li><p class=\"timeline-date\">2016<\/p><div class=\"timeline-content\"><h3>Android Systeme<\/h3><p>F\u00fcr das DiBoSys Projekt setzen wir neben konventioneller Hardware auch auf Android basiernde Google TV Sticks ein.<\/p><\/div><\/li><li><p class=\"timeline-date\">2010<\/p><div class=\"timeline-content\"><h3>Fertigstellung JUDAS 6<\/h3><p>Die neue, auf Java basierende Version JUDAS 6 ist fertig. Alle Kunden erhalten das Update auf die neue Version.<\/p><\/div><\/li><li><p class=\"timeline-date\">2005<\/p><div class=\"timeline-content\"><h3>Fertigstellung von JUDAS 5.0<\/h3><p>JUDAS 5.0 wird fertiggestellt und ausgeliefert.<br \/>Umstellung der Bestandskunden auf die Version 5.0<\/p><\/div><\/li><li><p class=\"timeline-date\">2002<\/p><div class=\"timeline-content\"><h3>Neue Projekte<\/h3><p>Beginn der Entwicklung der ip.Box<br \/>Beginn der Neuentwicklung von JUDAS 5.0<br \/>Beginn der Entwicklung des DiBoSys Projekts (damals noch BusPC Projekt)<\/p><\/div><\/li><li><p class=\"timeline-date\">2001<\/p><div class=\"timeline-content\"><h3>Euroumstellung<\/h3><p>Euroumstellung von JUDAS<\/p><\/div><\/li><li><p class=\"timeline-date\">2000<\/p><div class=\"timeline-content\"><h3>Zeitserver<\/h3><p>Entwicklung des Zeitserver TIMEGATE f\u00fcr Linux. Jahr 2000 Umstellung f\u00fcr JUDAS<br \/>Schulungsangebote f\u00fcr MS Office, Internet und JUDAS<\/p><\/div><\/li><li><p class=\"timeline-date\">1995<\/p><div class=\"timeline-content\"><h3>Umstieg auf LINUX<\/h3><p>Schrittweise Umstellung der Server auf LINUX, sp\u00e4ter auch Umstellung der Arbeitspl\u00e4tze auf LINUX.<\/p><\/div><\/li><li><p class=\"timeline-date\">1993<\/p><div class=\"timeline-content\"><h3>JUDAS &#8211; das juristische Datenbanksystem<\/h3><p>Weiterbildungen in der JUDAS Software<\/p><\/div><\/li><li><p class=\"timeline-date\">1992<\/p><div class=\"timeline-content\"><h3>Motorola RISC<\/h3><p>Verwendung der neuen Prozessorgeneration 68040 &amp; 88110<br \/>Einstieg in Motorola RISC Technologie<\/p><\/div><\/li><li><p class=\"timeline-date\">1989<\/p><div class=\"timeline-content\"><h3>Wechsel<\/h3><p>Zilog stoppt den Bau von UNIX Rechnern f\u00fcr den Zivilmarkt.<br \/>Einstieg in VME-Bus Technologie, Motorola OEM<br \/>Einsatz von Motorola 68000-68030 CPU&#8217;s<\/p><\/div><\/li><li><p class=\"timeline-date\">1986<\/p><div class=\"timeline-content\"><h3>Zilog Vertrieb<\/h3><p>Importeur von Zilog-UNIX Rechnern. Service und Support f\u00fcr ca. 220 Rechner.<\/p><\/div><\/li><li><p class=\"timeline-date\">1984<\/p><div class=\"timeline-content\"><h3>UNIX<\/h3><p>Umstieg auf UNIX Systeme<\/p><\/div><\/li><li><p class=\"timeline-date\">1980<\/p><div class=\"timeline-content\"><h3>Bautr\u00e4gert\u00e4tigkeit<\/h3><p>T\u00e4tigkeit als Bautr\u00e4ger und damit verbundene Einf\u00fchrung von Computern.<\/p><\/div><\/li><li><p class=\"timeline-date\">1979<\/p><div class=\"timeline-content\"><h3>Gr\u00fcndung der GmbH<\/h3><p>Die Treuwert Computer GmbH wird gegr\u00fcndet.<\/p><\/div><\/li><li><p class=\"timeline-date\">1975<\/p><div class=\"timeline-content\"><h3>Gr\u00fcndung<\/h3><p>Gr\u00fcndung als Personenfirma: HiFi Ger\u00e4te und Bau von Aktiv-Lautsprechern<\/p><\/div><\/li><\/ul><\/td><\/tr><\/tbody><\/table><p>\u00a0<\/p><p>\u00a0<\/p><table border=\"0\" width=\"100%\" cellspacing=\"4\" cellpadding=\"4\"><tbody><tr><td align=\"right\">\u00a0<\/td><\/tr><\/tbody><\/table><p>\u00a0<\/p><p>|<\/p>\t\t\t\t\t\t\t\t<\/div>\n\t\t\t\t<\/div>\n\t\t\t\t\t<\/div>\n\t\t<\/div>\n\t\t\t\t\t<\/div>\n\t\t<\/section>\n\t\t\t\t<\/div>\n\t\t","protected":false},"excerpt":{"rendered":"<p>2018 DiBoSys Das Display Box System wird als Infotainment System ausgebaut f\u00fcr die Anzeige von Bild und Textmaterial auf Monitoren in \u00f6ffentlichen Geb\u00e4uden. 2016 Android Systeme F\u00fcr das DiBoSys Projekt setzen wir neben konventioneller Hardware auch auf Android basiernde Google TV Sticks ein. 2010 Fertigstellung JUDAS 6 Die neue, auf Java basierende Version JUDAS 6<\/p>\n","protected":false},"author":1,"featured_media":0,"parent":0,"menu_order":0,"comment_status":"closed","ping_status":"open","template":"","meta":{"footnotes":""},"class_list":["post-1663","page","type-page","status-publish","hentry"],"_links":{"self":[{"href":"https:\/\/twc.de\/index.php?rest_route=\/wp\/v2\/pages\/1663","targetHints":{"allow":["GET"]}}],"collection":[{"href":"https:\/\/twc.de\/index.php?rest_route=\/wp\/v2\/pages"}],"about":[{"href":"https:\/\/twc.de\/index.php?rest_route=\/wp\/v2\/types\/page"}],"author":[{"embeddable":true,"href":"https:\/\/twc.de\/index.php?rest_route=\/wp\/v2\/users\/1"}],"replies":[{"embeddable":true,"href":"https:\/\/twc.de\/index.php?rest_route=%2Fwp%2Fv2%2Fcomments&post=1663"}],"version-history":[{"count":4,"href":"https:\/\/twc.de\/index.php?rest_route=\/wp\/v2\/pages\/1663\/revisions"}],"predecessor-version":[{"id":1692,"href":"https:\/\/twc.de\/index.php?rest_route=\/wp\/v2\/pages\/1663\/revisions\/1692"}],"wp:attachment":[{"href":"https:\/\/twc.de\/index.php?rest_route=%2Fwp%2Fv2%2Fmedia&parent=1663"}],"curies":[{"name":"wp","href":"https:\/\/api.w.org\/{rel}","templated":true}]}}