{"id":110,"date":"2017-10-12T12:38:50","date_gmt":"2017-10-12T10:38:50","guid":{"rendered":"http:\/\/twc.de\/?page_id=110"},"modified":"2021-05-28T09:42:12","modified_gmt":"2021-05-28T07:42:12","slug":"impressum","status":"publish","type":"page","link":"https:\/\/twc.de\/?page_id=110","title":{"rendered":"Impressum"},"content":{"rendered":"\t\t<div data-elementor-type=\"wp-post\" data-elementor-id=\"110\" class=\"elementor elementor-110\">\n\t\t\t\t\t\t<section class=\"elementor-section elementor-top-section elementor-element elementor-element-vyzymgk elementor-section-boxed elementor-section-height-default elementor-section-height-default\" data-id=\"vyzymgk\" data-element_type=\"section\" data-e-type=\"section\">\n\t\t\t\t\t\t<div class=\"elementor-container elementor-column-gap-default\">\n\t\t\t\t\t<div class=\"elementor-column elementor-col-100 elementor-top-column elementor-element elementor-element-xqdfjxw\" data-id=\"xqdfjxw\" data-element_type=\"column\" data-e-type=\"column\">\n\t\t\t<div class=\"elementor-widget-wrap elementor-element-populated\">\n\t\t\t\t\t\t<div class=\"elementor-element elementor-element-rxaknmg elementor-widget elementor-widget-text-editor\" data-id=\"rxaknmg\" data-element_type=\"widget\" data-e-type=\"widget\" data-widget_type=\"text-editor.default\">\n\t\t\t\t<div class=\"elementor-widget-container\">\n\t\t\t\t\t\t\t\t\t<table class=\"table ui \" border=\"0\" width=\"500\" cellspacing=\"4\" cellpadding=\"4\"><tbody><tr><td valign=\"top\" nowrap=\"nowrap\" bgcolor=\"#FFFFFF\" width=\"199\"><strong>TWC Treuwert Computer GmbH<\/strong><\/td><td valign=\"top\" bgcolor=\"#FFFFFF\" width=\"273\"><strong>Gesch\u00e4ftsf\u00fchrer:<\/strong> Friedrich Westerfeld<br \/>Registergericht Freiburg: HRB 1847<br \/>Umsatzsteueridentifikationsnummer: DE142114401<\/td><\/tr><tr><td valign=\"top\" bgcolor=\"#FFFFFF\">\u00a0<\/td><td valign=\"top\" bgcolor=\"#FFFFFF\">\u00a0<\/td><\/tr><tr><td valign=\"top\" bgcolor=\"#FFFFFF\">Schlo\u00dfbergring 9<br \/>79098 Freiburg<\/td><td rowspan=\"4\" valign=\"top\" bgcolor=\"#FFFFFF\"><em>Haftungshinweis:<\/em><br \/>Trotz sorgf\u00e4ltiger inhaltlicher Kontrolle \u00fcbernimmt die TWC Treuwert Computer GmbH keine Haftung f\u00fcr die Inhalte externer Links. F\u00fcr den Inhalt der verlinkten Seiten sind ausschlie\u00dflich deren Betreiber verantwortlich.<\/td><\/tr><tr><td valign=\"top\" bgcolor=\"#FFFFFF\">\u00a0<\/td><\/tr><tr><td valign=\"top\" bgcolor=\"#FFFFFF\">Telefon: 07 61 \/ 38 70 70<br \/>Fax:\u00a0\u00a0\u00a0\u00a0\u00a0\u00a0 07 61 \/ 2 34 22<\/td><\/tr><tr><td colspan=\"2\" valign=\"top\" bgcolor=\"#FFFFFF\"><p align=\"center\">\u00a0<\/p><p align=\"center\">\u00a0<\/p><p style=\"text-align: left;\" align=\"center\"><b>Wenn <\/b><b>Sie mit uns in Kontakt treten<\/b><br \/>(z. B. per Kontaktformular oder E-Mail),<br \/>speichern wir Ihre Angaben zur Bearbeitung der Anfrage sowie f\u00fcr den Fall, dass Anschlussfragen entstehen.<br \/>Hierin liegt auch unser berechtigtes Interesse<br \/><b>gem\u00e4\u00df Art 6 Abs. 1 S. 1 f) DSGVO.<\/b><br \/>Weitere personenbezogene Daten speichern und nutzen wir nur,<br \/>wenn Sie dazu einwilligen oder dies ohne besondere Einwilligung gesetzlich zul\u00e4ssig ist.<\/p><p align=\"center\">Kontakt E-Mail: <a href=\"mailto:info@twc.de\">info@twc.de<\/a><\/p><\/td><\/tr><\/tbody><\/table>\t\t\t\t\t\t\t\t<\/div>\n\t\t\t\t<\/div>\n\t\t\t\t\t<\/div>\n\t\t<\/div>\n\t\t\t\t\t<\/div>\n\t\t<\/section>\n\t\t\t\t<\/div>\n\t\t","protected":false},"excerpt":{"rendered":"<p>TWC Treuwert Computer GmbH Gesch\u00e4ftsf\u00fchrer: Friedrich WesterfeldRegistergericht Freiburg: HRB 1847Umsatzsteueridentifikationsnummer: DE142114401 \u00a0 \u00a0 Schlo\u00dfbergring 979098 Freiburg Haftungshinweis:Trotz sorgf\u00e4ltiger inhaltlicher Kontrolle \u00fcbernimmt die TWC Treuwert Computer GmbH keine Haftung f\u00fcr die Inhalte externer Links. F\u00fcr den Inhalt der verlinkten Seiten sind ausschlie\u00dflich deren Betreiber verantwortlich. \u00a0 Telefon: 07 61 \/ 38 70 70Fax:\u00a0\u00a0\u00a0\u00a0\u00a0\u00a0 07 61 \/<\/p>\n","protected":false},"author":1,"featured_media":0,"parent":0,"menu_order":0,"comment_status":"closed","ping_status":"closed","template":"","meta":{"footnotes":""},"class_list":["post-110","page","type-page","status-publish","hentry"],"_links":{"self":[{"href":"https:\/\/twc.de\/index.php?rest_route=\/wp\/v2\/pages\/110","targetHints":{"allow":["GET"]}}],"collection":[{"href":"https:\/\/twc.de\/index.php?rest_route=\/wp\/v2\/pages"}],"about":[{"href":"https:\/\/twc.de\/index.php?rest_route=\/wp\/v2\/types\/page"}],"author":[{"embeddable":true,"href":"https:\/\/twc.de\/index.php?rest_route=\/wp\/v2\/users\/1"}],"replies":[{"embeddable":true,"href":"https:\/\/twc.de\/index.php?rest_route=%2Fwp%2Fv2%2Fcomments&post=110"}],"version-history":[{"count":18,"href":"https:\/\/twc.de\/index.php?rest_route=\/wp\/v2\/pages\/110\/revisions"}],"predecessor-version":[{"id":2031,"href":"https:\/\/twc.de\/index.php?rest_route=\/wp\/v2\/pages\/110\/revisions\/2031"}],"wp:attachment":[{"href":"https:\/\/twc.de\/index.php?rest_route=%2Fwp%2Fv2%2Fmedia&parent=110"}],"curies":[{"name":"wp","href":"https:\/\/api.w.org\/{rel}","templated":true}]}}